{"id":52,"date":"2025-02-08T17:11:15","date_gmt":"2025-02-08T17:11:15","guid":{"rendered":"http:\/\/fresh.growbis.pl\/index.php\/strona-1\/"},"modified":"2025-02-14T14:32:07","modified_gmt":"2025-02-14T14:32:07","slug":"strona-1","status":"publish","type":"page","link":"https:\/\/fresh.growbis.pl\/","title":{"rendered":"Fresh Plants"},"content":{"rendered":"\n    \n    <section class=\"u-clearfix u-section-2\" id=\"sec-a212\">\n      <div class=\"data-layout-selected u-clearfix u-expanded-width u-layout-wrap u-layout-wrap-1\">\n        <div class=\"u-layout\">\n          <div class=\"u-layout-row\">\n            <div class=\"u-container-align-center-sm u-container-align-center-xs u-container-style u-grey-5 u-layout-cell u-size-30 u-layout-cell-1\">\n              <div class=\"u-container-layout u-container-layout-1\">\n                <p class=\"u-align-center-sm u-align-center-xs u-align-left-lg u-align-left-md u-align-left-xl u-text u-text-1\"><\/p>\n                <img decoding=\"async\" class=\"u-expanded-width u-image u-image-contain u-image-default u-image-1\" src=\"https:\/\/fresh.growbis.pl\/wp-content\/uploads\/2025\/02\/LogoFreshPlants72dpi-1.webp\" alt=\"\" data-image-width=\"2428\" data-image-height=\"2457\">\n              <\/div>\n            <\/div>\n            <div class=\"u-container-style u-image u-layout-cell u-size-30 u-image-2\" data-image-width=\"600\" data-image-height=\"400\" style=\"background-image: url(&quot;https:\/\/fresh.growbis.pl\/wp-content\/uploads\/2025\/02\/Grafikanastrone2.webp&quot;);\">\n              <div class=\"u-container-layout u-container-layout-2\"><\/div>\n            <\/div>\n          <\/div>\n        <\/div>\n      <\/div>\n    <\/section>\n    <section class=\"u-align-center u-clearfix u-container-align-center u-custom-color-1 u-section-3\" id=\"sec-0247\">\n      <div class=\"data-layout-selected u-clearfix u-expanded-width u-layout-wrap u-layout-wrap-1\">\n        <div class=\"u-layout\">\n          <div class=\"u-layout-row\">\n            <div class=\"u-container-align-center-sm u-container-align-center-xs u-container-align-left-lg u-container-align-left-xl u-container-style u-layout-cell u-size-30 u-layout-cell-1\">\n              <div class=\"u-container-layout u-valign-middle u-container-layout-1\">\n                <h2 class=\"u-align-center-md u-align-center-sm u-align-center-xs u-align-left-lg u-align-left-xl u-custom-font u-font-montserrat u-text u-text-default u-text-1\">Pozosta\u0144my w\u200b Kontakcie <\/h2>\n              <\/div>\n            <\/div>\n            <div class=\"u-container-style u-layout-cell u-size-30 u-layout-cell-2\">\n              <div class=\"u-container-layout u-container-layout-2\">\n                <div class=\"u-expanded-width u-form u-form-1\">\n                  <form action=\"https:\/\/forms.nicepagesrv.com\/v2\/form\/process\" class=\"u-clearfix u-form-horizontal u-form-spacing-10 u-inner-form\" source=\"email\" name=\"form\" style=\"padding: 0px;\">\n                    <div class=\"u-form-email u-form-group u-label-none\">\n                      <label class=\"u-label\">Email<\/label>\n                      <input type=\"email\" placeholder=\"Wpisz sw\u00f3j adres email\" id=\"email-e976\" name=\"email\" class=\"u-border-none u-input u-input-rectangle\" required=\"\">\n                    <\/div>\n                    <div class=\"u-align-left u-form-group u-form-submit u-label-none\">\n                      <a href=\"#\" class=\"u-black u-border-none u-btn u-btn-submit u-button-style u-btn-1\">Wy\u015blij<\/a>\n                      <input type=\"submit\" value=\"submit\" class=\"u-form-control-hidden\">\n                    <\/div>\n                    <div class=\"u-form-send-message u-form-send-success\"> Thank you! Your message has been sent. <\/div>\n                    <div class=\"u-form-send-error u-form-send-message\"> Unable to send your message. Please fix errors then try again. <\/div>\n                    <input type=\"hidden\" value=\"\" name=\"recaptchaResponse\">\n                    <input type=\"hidden\" name=\"formServices\" value=\"c842c3d0-0ad4-2904-3b34-3a754f15e545\">\n                  <\/form>\n                <\/div>\n              <\/div>\n            <\/div>\n          <\/div>\n        <\/div>\n      <\/div>\n    <\/section>\n    <section class=\"u-clearfix u-grey-5 u-valign-middle-xs u-section-4\" id=\"sec-391d\">\n      <div class=\"data-layout-selected u-clearfix u-expanded-width u-layout-wrap u-layout-wrap-1\">\n        <div class=\"u-layout\">\n          <div class=\"u-layout-row\">\n            <div class=\"u-container-style u-image u-layout-cell u-size-30 u-image-1\" data-image-width=\"600\" data-image-height=\"400\" style=\"background-image: url(&quot;https:\/\/fresh.growbis.pl\/wp-content\/uploads\/2025\/02\/Grafikanastron1.webp&quot;);\">\n              <div class=\"u-container-layout u-container-layout-1\"><\/div>\n            <\/div>\n            <div class=\"u-container-align-center-sm u-container-align-center-xs u-container-style u-layout-cell u-size-30 u-layout-cell-2\">\n              <div class=\"u-container-layout u-valign-top-xs u-container-layout-2\">\n                <h2 class=\"u-align-center-sm u-align-center-xs u-custom-font u-font-montserrat u-text u-text-default u-text-1\"> KIM JESTE\u015aMY?<\/h2>\n                <p class=\"u-align-justify u-custom-font u-font-montserrat u-text u-text-default u-text-2\"> Fresh Plants to Start Up zarz\u0105dzany przez Grzegorza Walczaka kt\u00f3ry na bazie 15 lat do\u015bwiadczenia w bezpo\u015bredniej mi\u0119dzynarodowej wsp\u00f3\u0142pracy z ogrodnikami w kana\u0142ach B2B rozpocz\u0105\u0142 w\u0142asn\u0105 sprzeda\u017c B2C poprzez topowe platformy Market Place w Europie.&nbsp;<br>\n                  <br>Fresh Plants oferuje ro\u015bliny najwy\u017cszej jako\u015bci i w atrakcyjnej cenie od ogrodnik\u00f3w&nbsp;z&nbsp;ca\u0142ej&nbsp;Europy.\n                <\/p>\n              <\/div>\n            <\/div>\n          <\/div>\n        <\/div>\n      <\/div>\n    <\/section>\n    <section class=\"u-clearfix u-section-5\" id=\"carousel_e177\">\n      <div class=\"u-expanded-width-md u-expanded-width-sm u-expanded-width-xs u-gallery u-layout-horizontal u-lightbox u-no-transition u-show-text-none u-width-image u-gallery-1\" id=\"carousel-b93b\">\n        <div class=\"u-gallery-inner u-gallery-inner-1\" role=\"listbox\"><div class=\"u-effect-hover-liftUp u-gallery-item u-gallery-item-1\" data-image-width=\"600\" data-image-height=\"400\"><div class=\"u-back-slide\"><img decoding=\"async\" class=\"u-back-image\" src=\"https:\/\/fresh.growbis.pl\/wp-content\/uploads\/2025\/02\/Galeria1.webp\">\n<\/div><div class=\"u-align-center-md u-align-center-sm u-align-center-xs u-over-slide u-shading u-valign-bottom-md u-valign-bottom-sm u-valign-bottom-xs u-over-slide-1\"><\/div>\n<\/div><div class=\"u-effect-hover-liftUp u-gallery-item u-gallery-item-2\" data-image-width=\"600\" data-image-height=\"400\"><div class=\"u-back-slide\"><img decoding=\"async\" class=\"u-back-image\" src=\"https:\/\/fresh.growbis.pl\/wp-content\/uploads\/2025\/02\/Galeria4.webp\">\n<\/div><div class=\"u-align-center-md u-align-center-sm u-align-center-xs u-over-slide u-shading u-valign-bottom-md u-valign-bottom-sm u-valign-bottom-xs u-over-slide-2\"><\/div>\n<\/div><div class=\"u-effect-hover-liftUp u-gallery-item u-gallery-item-3\" data-image-width=\"600\" data-image-height=\"400\"><div class=\"u-back-slide\"><img decoding=\"async\" class=\"u-back-image\" src=\"https:\/\/fresh.growbis.pl\/wp-content\/uploads\/2025\/02\/Galeria2.webp\">\n<\/div><div class=\"u-align-center-md u-align-center-sm u-align-center-xs u-over-slide u-shading u-valign-bottom-md u-valign-bottom-sm u-valign-bottom-xs u-over-slide-3\"><\/div>\n<\/div><div class=\"u-effect-hover-liftUp u-gallery-item u-gallery-item-4\" data-image-width=\"600\" data-image-height=\"600\"><div class=\"u-back-slide\"><img decoding=\"async\" class=\"u-back-image\" src=\"https:\/\/fresh.growbis.pl\/wp-content\/uploads\/2025\/02\/Galeria8.webp\">\n<\/div><div class=\"u-align-center-md u-align-center-sm u-align-center-xs u-over-slide u-shading u-valign-bottom-md u-valign-bottom-sm u-valign-bottom-xs u-over-slide-4\"><\/div>\n<\/div><div class=\"u-effect-hover-liftUp u-gallery-item u-gallery-item-5\" data-image-width=\"600\" data-image-height=\"406\"><div class=\"u-back-slide\"><img decoding=\"async\" class=\"u-back-image\" src=\"https:\/\/fresh.growbis.pl\/wp-content\/uploads\/2025\/02\/Galeria10.webp\">\n<\/div><div class=\"u-align-center-md u-align-center-sm u-align-center-xs u-over-slide u-shading u-valign-bottom-md u-valign-bottom-sm u-valign-bottom-xs u-over-slide-5\"><\/div>\n<\/div><div class=\"u-effect-hover-liftUp u-gallery-item u-gallery-item-6\" data-image-width=\"600\" data-image-height=\"600\"><div class=\"u-back-slide\" data-image-width=\"398\" data-image-height=\"600\"><img decoding=\"async\" class=\"u-back-image\" src=\"https:\/\/fresh.growbis.pl\/wp-content\/uploads\/2025\/02\/Galeria11.webp\">\n<\/div><div class=\"u-align-center-md u-align-center-sm u-align-center-xs u-over-slide u-shading u-valign-bottom-md u-valign-bottom-sm u-valign-bottom-xs u-over-slide-6\"><\/div>\n<\/div><\/div>\n        <a class=\"u-absolute-vcenter u-gallery-nav u-gallery-nav-prev u-grey-70 u-icon-circle u-opacity u-opacity-70 u-spacing-10 u-text-white u-gallery-nav-1\" href=\"#\" role=\"button\">\n          <span aria-hidden=\"true\">\n            <svg viewBox=\"0 0 451.847 451.847\"><path d=\"M97.141,225.92c0-8.095,3.091-16.192,9.259-22.366L300.689,9.27c12.359-12.359,32.397-12.359,44.751,0\nc12.354,12.354,12.354,32.388,0,44.748L173.525,225.92l171.903,171.909c12.354,12.354,12.354,32.391,0,44.744\nc-12.354,12.365-32.386,12.365-44.745,0l-194.29-194.281C100.226,242.115,97.141,234.018,97.141,225.92z\"><\/path><\/svg>\n          <\/span>\n          <span class=\"sr-only\">\n            <svg viewBox=\"0 0 451.847 451.847\"><path d=\"M97.141,225.92c0-8.095,3.091-16.192,9.259-22.366L300.689,9.27c12.359-12.359,32.397-12.359,44.751,0\nc12.354,12.354,12.354,32.388,0,44.748L173.525,225.92l171.903,171.909c12.354,12.354,12.354,32.391,0,44.744\nc-12.354,12.365-32.386,12.365-44.745,0l-194.29-194.281C100.226,242.115,97.141,234.018,97.141,225.92z\"><\/path><\/svg>\n          <\/span>\n        <\/a>\n        <a class=\"u-absolute-vcenter u-gallery-nav u-gallery-nav-next u-grey-70 u-icon-circle u-opacity u-opacity-70 u-spacing-10 u-text-white u-gallery-nav-2\" href=\"#\" role=\"button\">\n          <span aria-hidden=\"true\">\n            <svg viewBox=\"0 0 451.846 451.847\"><path d=\"M345.441,248.292L151.154,442.573c-12.359,12.365-32.397,12.365-44.75,0c-12.354-12.354-12.354-32.391,0-44.744\nL278.318,225.92L106.409,54.017c-12.354-12.359-12.354-32.394,0-44.748c12.354-12.359,32.391-12.359,44.75,0l194.287,194.284\nc6.177,6.18,9.262,14.271,9.262,22.366C354.708,234.018,351.617,242.115,345.441,248.292z\"><\/path><\/svg>\n          <\/span>\n          <span class=\"sr-only\">\n            <svg viewBox=\"0 0 451.846 451.847\"><path d=\"M345.441,248.292L151.154,442.573c-12.359,12.365-32.397,12.365-44.75,0c-12.354-12.354-12.354-32.391,0-44.744\nL278.318,225.92L106.409,54.017c-12.354-12.359-12.354-32.394,0-44.748c12.354-12.359,32.391-12.359,44.75,0l194.287,194.284\nc6.177,6.18,9.262,14.271,9.262,22.366C354.708,234.018,351.617,242.115,345.441,248.292z\"><\/path><\/svg>\n          <\/span>\n        <\/a>\n        <div class=\"u-effect-hover-liftUp u-gallery-item u-gallery-item-7\" data-image-width=\"400\" data-image-height=\"600\">\n          <div class=\"u-back-slide\">\n            <img decoding=\"async\" class=\"u-back-image\" src=\"https:\/\/fresh.growbis.pl\/wp-content\/uploads\/2025\/02\/Galeria7.webp\">\n          <\/div>\n          <div class=\"u-align-center-md u-align-center-sm u-align-center-xs u-over-slide u-shading u-valign-bottom-md u-valign-bottom-sm u-valign-bottom-xs u-over-slide-7\"><\/div>\n        <\/div>\n        <div class=\"u-effect-hover-liftUp u-gallery-item u-gallery-item-8\" data-image-width=\"600\" data-image-height=\"406\">\n          <div class=\"u-back-slide\">\n            <img decoding=\"async\" class=\"u-back-image\" src=\"https:\/\/fresh.growbis.pl\/wp-content\/uploads\/2025\/02\/Galeria10.webp\">\n          <\/div>\n          <div class=\"u-align-center-md u-align-center-sm u-align-center-xs u-over-slide u-shading u-valign-bottom-md u-valign-bottom-sm u-valign-bottom-xs u-over-slide-8\"><\/div>\n        <\/div>\n      <\/div>\n    <\/section>\n    <section class=\"u-align-center u-clearfix u-container-align-center u-custom-color-1 u-section-6\" src=\"\" data-image-width=\"1280\" data-image-height=\"800\" id=\"sec-5d14\">\n      <div class=\"u-align-center u-clearfix u-sheet u-sheet-1\">\n        <h2 class=\"u-align-center u-custom-font u-font-montserrat u-text u-text-default u-text-1\"> DLACZEGO FRESH PLANTS ?<\/h2>\n        <p class=\"u-align-center u-custom-font u-font-montserrat u-text u-text-2\"> Z uwagi na doskona\u0142e relacje z producentami, Fresh Plants zamawia towar wy\u0142\u0105cznie bezpo\u015brednio od producent\u00f3w. Dzi\u0119ki tym relacjom oraz du\u017cym wolumenom zakupowym potrafimy znale\u017a\u0107 kompromis mi\u0119dzy atrakcyjn\u0105 cen\u0105 a najwy\u017csz\u0105 jako\u015bci\u0105 produktu.&nbsp;<br>&nbsp;\u015awiadczymy us\u0142ugi pomi\u0119dzy dostawcami a klientem&nbsp;ko\u0144cowym.\n        <\/p>\n      <\/div>\n    <\/section>\n    <section class=\"u-clearfix u-grey-5 u-valign-middle-xs u-section-7\" id=\"sec-23d7\">\n      <div class=\"data-layout-selected u-clearfix u-expanded-width u-layout-wrap u-layout-wrap-1\">\n        <div class=\"u-layout\">\n          <div class=\"u-layout-row\">\n            <div class=\"u-container-style u-image u-layout-cell u-size-23 u-image-1\" data-image-width=\"1956\" data-image-height=\"1980\" style=\"background-image: url(&quot;https:\/\/fresh.growbis.pl\/wp-content\/uploads\/2025\/02\/Mapa2.webp&quot;);\">\n              <div class=\"u-container-layout u-container-layout-1\"><\/div>\n            <\/div>\n            <div class=\"u-container-align-center-sm u-container-align-center-xs u-container-style u-layout-cell u-size-37 u-layout-cell-2\">\n              <div class=\"u-container-layout u-container-layout-2\">\n                <h2 class=\"u-align-center-sm u-align-center-xs u-custom-font u-font-montserrat u-text u-text-default u-text-1\"> NASZ CEL ?<\/h2>\n                <p class=\"u-align-justify u-custom-font u-font-montserrat u-text u-text-default u-text-2\"> Kupujemy wysokiej jako\u015bci produkty bezpo\u015brednio od producenta i dostarczamy go do klient\u00f3w detalicznych w ca\u0142ej Europie \u015arodkowo-Wschodniej. Jeste\u015bmy zawsze w centrum oczekiwa\u0144 klient\u00f3w. Osi\u0105gamy to, znajduj\u0105c produkty najwy\u017cszej jako\u015bci i najbardziej przyst\u0119pne cenowo z okre\u015blonych kraj\u00f3w i oferujemy je klientom detalicznym. Dzi\u0119ki temu jeste\u015bmy w stanie sprzedawa\u0107 produkty polskie, niemieckie, holenderskie, belgijskie i w\u0142oskie organizuj\u0105c zakupy, transport&nbsp;i&nbsp;pakowanie.<\/p>\n              <\/div>\n            <\/div>\n          <\/div>\n        <\/div>\n      <\/div>\n    <\/section>\n    \n    \n    \n  \n","protected":false},"excerpt":{"rendered":"<p>Pozosta\u0144my w\u200b Kontakcie Email Wy\u015blij Thank you! Your message has been sent. Unable to send your message. Please fix errors then try again. KIM JESTE\u015aMY? Fresh Plants to Start Up zarz\u0105dzany przez Grzegorza Walczaka kt\u00f3ry na bazie 15 lat do\u015bwiadczenia w bezpo\u015bredniej mi\u0119dzynarodowej wsp\u00f3\u0142pracy z ogrodnikami w kana\u0142ach B2B rozpocz\u0105\u0142 w\u0142asn\u0105 sprzeda\u017c B2C poprzez topowe &hellip; <a href=\"https:\/\/fresh.growbis.pl\/\" class=\"more-link\">Continue reading<span class=\"screen-reader-text\"> &#8222;Fresh Plants&#8221;<\/span><\/a><\/p>\n","protected":false},"author":1,"featured_media":0,"parent":0,"menu_order":1,"comment_status":"closed","ping_status":"closed","template":"","meta":{"footnotes":""},"class_list":["post-52","page","type-page","status-publish","hentry"],"_links":{"self":[{"href":"https:\/\/fresh.growbis.pl\/index.php\/wp-json\/wp\/v2\/pages\/52","targetHints":{"allow":["GET"]}}],"collection":[{"href":"https:\/\/fresh.growbis.pl\/index.php\/wp-json\/wp\/v2\/pages"}],"about":[{"href":"https:\/\/fresh.growbis.pl\/index.php\/wp-json\/wp\/v2\/types\/page"}],"author":[{"embeddable":true,"href":"https:\/\/fresh.growbis.pl\/index.php\/wp-json\/wp\/v2\/users\/1"}],"replies":[{"embeddable":true,"href":"https:\/\/fresh.growbis.pl\/index.php\/wp-json\/wp\/v2\/comments?post=52"}],"version-history":[{"count":8,"href":"https:\/\/fresh.growbis.pl\/index.php\/wp-json\/wp\/v2\/pages\/52\/revisions"}],"predecessor-version":[{"id":85,"href":"https:\/\/fresh.growbis.pl\/index.php\/wp-json\/wp\/v2\/pages\/52\/revisions\/85"}],"wp:attachment":[{"href":"https:\/\/fresh.growbis.pl\/index.php\/wp-json\/wp\/v2\/media?parent=52"}],"curies":[{"name":"wp","href":"https:\/\/api.w.org\/{rel}","templated":true}]}}